{"id":1263,"date":"2019-11-29T19:03:58","date_gmt":"2019-11-29T16:03:58","guid":{"rendered":"https:\/\/pogenemistoad.ee\/?page_id=1263"},"modified":"2022-10-19T18:58:39","modified_gmt":"2022-10-19T15:58:39","slug":"parnu-pogenemistoad-start-up-support-info","status":"publish","type":"page","link":"https:\/\/pogenemistoad.ee\/en\/cccp-pogenemistoad-start-up-support-info\/","title":{"rendered":"P\u00e4rnu P\u00f5genemistoad Start-up support info"},"content":{"rendered":"\n<p>P\u00e4rnu P\u00f5genemistoad has gotten start-up support form EAS, The European Regional Development Fund. Support is used for marketing campaigns and financing personal\u2019s costs. The company got supported with 13902,48\u20ac. Goal of the company is to encourage local tourism and create new jobs. The company will create 8 jobs for the end of 3rd year.<\/p>\n","protected":false},"excerpt":{"rendered":"<p>P\u00e4rnu P\u00f5genemistoad has gotten start-up support form EAS, The European Regional Development Fund. Support is used for marketing campaigns and financing personal\u2019s costs. The company got supported with 13902,48\u20ac. Goal of the company is to encourage local tourism and create new jobs. The company will create 8 jobs for the end of 3rd year.<\/p>\n","protected":false},"author":1,"featured_media":0,"parent":0,"menu_order":0,"comment_status":"closed","ping_status":"closed","template":"","meta":{"_acf_changed":false,"pgc_sgb_lightbox_settings":"","iawp_total_views":6,"footnotes":""},"class_list":["post-1263","page","type-page","status-publish","hentry"],"acf":[],"yoast_head":"<!-- This site is optimized with the Yoast SEO plugin v26.1.1 - https:\/\/yoast.com\/wordpress\/plugins\/seo\/ -->\n<title>P\u00e4rnu P\u00f5genemistoad Start-up support info | Pogenemistoad<\/title>\n<meta name=\"robots\" content=\"index, follow, max-snippet:-1, max-image-preview:large, max-video-preview:-1\" \/>\n<link rel=\"canonical\" href=\"https:\/\/pogenemistoad.ee\/en\/cccp-pogenemistoad-start-up-support-info\/\" \/>\n<meta property=\"og:locale\" content=\"en_US\" \/>\n<meta property=\"og:type\" content=\"article\" \/>\n<meta property=\"og:title\" content=\"P\u00e4rnu P\u00f5genemistoad Start-up support info | Pogenemistoad\" \/>\n<meta property=\"og:description\" content=\"P\u00e4rnu P\u00f5genemistoad has gotten start-up support form EAS, The European Regional Development Fund. Support is used for marketing campaigns and financing personal\u2019s costs. The company got supported with 13902,48\u20ac. Goal of the company is to encourage local tourism and create new jobs. The company will create 8 jobs for the end of 3rd year.\" \/>\n<meta property=\"og:url\" content=\"https:\/\/pogenemistoad.ee\/en\/cccp-pogenemistoad-start-up-support-info\/\" \/>\n<meta property=\"og:site_name\" content=\"Pogenemistoad\" \/>\n<meta property=\"article:publisher\" content=\"https:\/\/www.facebook.com\/pogenemistoad.ee\/\" \/>\n<meta property=\"article:modified_time\" content=\"2022-10-19T15:58:39+00:00\" \/>\n<meta property=\"og:image\" content=\"https:\/\/pogenemistoad.ee\/wp-content\/uploads\/2019\/07\/ulekuulamine2.jpg\" \/>\n\t<meta property=\"og:image:width\" content=\"864\" \/>\n\t<meta property=\"og:image:height\" content=\"576\" \/>\n\t<meta property=\"og:image:type\" content=\"image\/jpeg\" \/>\n<meta name=\"twitter:card\" content=\"summary_large_image\" \/>\n<meta name=\"twitter:label1\" content=\"Est. reading time\" \/>\n\t<meta name=\"twitter:data1\" content=\"1 minute\" \/>\n<script type=\"application\/ld+json\" class=\"yoast-schema-graph\">{\"@context\":\"https:\/\/schema.org\",\"@graph\":[{\"@type\":\"WebPage\",\"@id\":\"https:\/\/pogenemistoad.ee\/en\/cccp-pogenemistoad-start-up-support-info\/\",\"url\":\"https:\/\/pogenemistoad.ee\/en\/cccp-pogenemistoad-start-up-support-info\/\",\"name\":\"P\u00e4rnu P\u00f5genemistoad Start-up support info | Pogenemistoad\",\"isPartOf\":{\"@id\":\"https:\/\/pogenemistoad.ee\/en\/#website\"},\"datePublished\":\"2019-11-29T16:03:58+00:00\",\"dateModified\":\"2022-10-19T15:58:39+00:00\",\"breadcrumb\":{\"@id\":\"https:\/\/pogenemistoad.ee\/en\/cccp-pogenemistoad-start-up-support-info\/#breadcrumb\"},\"inLanguage\":\"en-US\",\"potentialAction\":[{\"@type\":\"ReadAction\",\"target\":[\"https:\/\/pogenemistoad.ee\/en\/cccp-pogenemistoad-start-up-support-info\/\"]}]},{\"@type\":\"BreadcrumbList\",\"@id\":\"https:\/\/pogenemistoad.ee\/en\/cccp-pogenemistoad-start-up-support-info\/#breadcrumb\",\"itemListElement\":[{\"@type\":\"ListItem\",\"position\":1,\"name\":\"Home\",\"item\":\"https:\/\/pogenemistoad.ee\/en\/\"},{\"@type\":\"ListItem\",\"position\":2,\"name\":\"P\u00e4rnu P\u00f5genemistoad Start-up support info\"}]},{\"@type\":\"WebSite\",\"@id\":\"https:\/\/pogenemistoad.ee\/en\/#website\",\"url\":\"https:\/\/pogenemistoad.ee\/en\/\",\"name\":\"Pogenemistoad\",\"description\":\"N\u00e4rvik\u00f5di. Ajutreening. Tulised emotsioonid.\",\"publisher\":{\"@id\":\"https:\/\/pogenemistoad.ee\/en\/#organization\"},\"potentialAction\":[{\"@type\":\"SearchAction\",\"target\":{\"@type\":\"EntryPoint\",\"urlTemplate\":\"https:\/\/pogenemistoad.ee\/en\/?s={search_term_string}\"},\"query-input\":{\"@type\":\"PropertyValueSpecification\",\"valueRequired\":true,\"valueName\":\"search_term_string\"}}],\"inLanguage\":\"en-US\"},{\"@type\":\"Organization\",\"@id\":\"https:\/\/pogenemistoad.ee\/en\/#organization\",\"name\":\"Pogenemistoad\",\"url\":\"https:\/\/pogenemistoad.ee\/en\/\",\"logo\":{\"@type\":\"ImageObject\",\"inLanguage\":\"en-US\",\"@id\":\"https:\/\/pogenemistoad.ee\/en\/#\/schema\/logo\/image\/\",\"url\":\"https:\/\/pogenemistoad.ee\/wp-content\/uploads\/2020\/01\/logo.png\",\"contentUrl\":\"https:\/\/pogenemistoad.ee\/wp-content\/uploads\/2020\/01\/logo.png\",\"width\":264,\"height\":109,\"caption\":\"Pogenemistoad\"},\"image\":{\"@id\":\"https:\/\/pogenemistoad.ee\/en\/#\/schema\/logo\/image\/\"},\"sameAs\":[\"https:\/\/www.facebook.com\/pogenemistoad.ee\/\"]}]}<\/script>\n<!-- \/ Yoast SEO plugin. -->","yoast_head_json":{"title":"P\u00e4rnu P\u00f5genemistoad Start-up support info | Pogenemistoad","robots":{"index":"index","follow":"follow","max-snippet":"max-snippet:-1","max-image-preview":"max-image-preview:large","max-video-preview":"max-video-preview:-1"},"canonical":"https:\/\/pogenemistoad.ee\/en\/cccp-pogenemistoad-start-up-support-info\/","og_locale":"en_US","og_type":"article","og_title":"P\u00e4rnu P\u00f5genemistoad Start-up support info | Pogenemistoad","og_description":"P\u00e4rnu P\u00f5genemistoad has gotten start-up support form EAS, The European Regional Development Fund. Support is used for marketing campaigns and financing personal\u2019s costs. The company got supported with 13902,48\u20ac. Goal of the company is to encourage local tourism and create new jobs. The company will create 8 jobs for the end of 3rd year.","og_url":"https:\/\/pogenemistoad.ee\/en\/cccp-pogenemistoad-start-up-support-info\/","og_site_name":"Pogenemistoad","article_publisher":"https:\/\/www.facebook.com\/pogenemistoad.ee\/","article_modified_time":"2022-10-19T15:58:39+00:00","og_image":[{"width":864,"height":576,"url":"https:\/\/pogenemistoad.ee\/wp-content\/uploads\/2019\/07\/ulekuulamine2.jpg","type":"image\/jpeg"}],"twitter_card":"summary_large_image","twitter_misc":{"Est. reading time":"1 minute"},"schema":{"@context":"https:\/\/schema.org","@graph":[{"@type":"WebPage","@id":"https:\/\/pogenemistoad.ee\/en\/cccp-pogenemistoad-start-up-support-info\/","url":"https:\/\/pogenemistoad.ee\/en\/cccp-pogenemistoad-start-up-support-info\/","name":"P\u00e4rnu P\u00f5genemistoad Start-up support info | Pogenemistoad","isPartOf":{"@id":"https:\/\/pogenemistoad.ee\/en\/#website"},"datePublished":"2019-11-29T16:03:58+00:00","dateModified":"2022-10-19T15:58:39+00:00","breadcrumb":{"@id":"https:\/\/pogenemistoad.ee\/en\/cccp-pogenemistoad-start-up-support-info\/#breadcrumb"},"inLanguage":"en-US","potentialAction":[{"@type":"ReadAction","target":["https:\/\/pogenemistoad.ee\/en\/cccp-pogenemistoad-start-up-support-info\/"]}]},{"@type":"BreadcrumbList","@id":"https:\/\/pogenemistoad.ee\/en\/cccp-pogenemistoad-start-up-support-info\/#breadcrumb","itemListElement":[{"@type":"ListItem","position":1,"name":"Home","item":"https:\/\/pogenemistoad.ee\/en\/"},{"@type":"ListItem","position":2,"name":"P\u00e4rnu P\u00f5genemistoad Start-up support info"}]},{"@type":"WebSite","@id":"https:\/\/pogenemistoad.ee\/en\/#website","url":"https:\/\/pogenemistoad.ee\/en\/","name":"Pogenemistoad","description":"N\u00e4rvik\u00f5di. Ajutreening. Tulised emotsioonid.","publisher":{"@id":"https:\/\/pogenemistoad.ee\/en\/#organization"},"potentialAction":[{"@type":"SearchAction","target":{"@type":"EntryPoint","urlTemplate":"https:\/\/pogenemistoad.ee\/en\/?s={search_term_string}"},"query-input":{"@type":"PropertyValueSpecification","valueRequired":true,"valueName":"search_term_string"}}],"inLanguage":"en-US"},{"@type":"Organization","@id":"https:\/\/pogenemistoad.ee\/en\/#organization","name":"Pogenemistoad","url":"https:\/\/pogenemistoad.ee\/en\/","logo":{"@type":"ImageObject","inLanguage":"en-US","@id":"https:\/\/pogenemistoad.ee\/en\/#\/schema\/logo\/image\/","url":"https:\/\/pogenemistoad.ee\/wp-content\/uploads\/2020\/01\/logo.png","contentUrl":"https:\/\/pogenemistoad.ee\/wp-content\/uploads\/2020\/01\/logo.png","width":264,"height":109,"caption":"Pogenemistoad"},"image":{"@id":"https:\/\/pogenemistoad.ee\/en\/#\/schema\/logo\/image\/"},"sameAs":["https:\/\/www.facebook.com\/pogenemistoad.ee\/"]}]}},"_links":{"self":[{"href":"https:\/\/pogenemistoad.ee\/en\/wp-json\/wp\/v2\/pages\/1263","targetHints":{"allow":["GET"]}}],"collection":[{"href":"https:\/\/pogenemistoad.ee\/en\/wp-json\/wp\/v2\/pages"}],"about":[{"href":"https:\/\/pogenemistoad.ee\/en\/wp-json\/wp\/v2\/types\/page"}],"author":[{"embeddable":true,"href":"https:\/\/pogenemistoad.ee\/en\/wp-json\/wp\/v2\/users\/1"}],"replies":[{"embeddable":true,"href":"https:\/\/pogenemistoad.ee\/en\/wp-json\/wp\/v2\/comments?post=1263"}],"version-history":[{"count":0,"href":"https:\/\/pogenemistoad.ee\/en\/wp-json\/wp\/v2\/pages\/1263\/revisions"}],"wp:attachment":[{"href":"https:\/\/pogenemistoad.ee\/en\/wp-json\/wp\/v2\/media?parent=1263"}],"curies":[{"name":"wp","href":"https:\/\/api.w.org\/{rel}","templated":true}]}}