{"id":6749,"date":"2024-05-15T10:04:59","date_gmt":"2024-05-15T07:04:59","guid":{"rendered":"https:\/\/pogenemistoad.ee\/paketid\/"},"modified":"2024-06-18T09:53:22","modified_gmt":"2024-06-18T06:53:22","slug":"paketid","status":"publish","type":"page","link":"https:\/\/pogenemistoad.ee\/en\/paketid\/","title":{"rendered":"Paketid"},"content":{"rendered":"\n<p>Oled m\u00f5elnud, et lisaks n\u00e4rvik\u00f5dile sooviksid ka seltskonnale pakkuda l\u00f5busat j\u00e4tku\u00f5htut peoruumis, kuid ise tahaksid ka pidu nautida? Siin tuleme meie appi! <\/p>\n\n\n\n<p>Oleme kokku pannud erinevad paketid m\u00f5nusa ning sisuka \u00f5htu veetmiseks, teie ei pea tegema muud, kui vaid kohale ilmuma ning pidu nautima! <\/p>\n\n\n\n<p>Pakutavad paketid: <\/p>\n\n\n\n<p><strong>Pakett 1 &#8211; <\/strong><\/p>\n\n\n\n<p>P\u00f5genemine + peoruum + \u00f5htujuhtimine (6-20 inimest) R-P 18.00-02.00<\/p>\n\n\n\n<p>Pakett sisaldab p\u00f5genemist meie vabalt valitud tubades &#8211; 1h<\/p>\n\n\n\n<p>Suure peoruumi kasutust 18.00-02.00 <\/p>\n\n\n\n<p>\u00d5htujuhtimist &#8211; 1-1.5h <\/p>\n\n\n\n<p>Kaks s\u00e4ravat ja r\u00f5\u00f5msat \u00f5htujuhti pakuvad Teie seltskonnale l\u00f5busaid ning \u00fchendavaid seltskonnam\u00e4nge.  1.5h mahutame 3-4 vinget ja humoorikat seltskonnam\u00e4ngu, mis \u00f5htu k\u00e4ima t\u00f5mbab. Pakume ka personaalset l\u00e4henemist, et just Teie grupile leida \u00f5iged m\u00e4ngud, mis sobiks t\u00e4pselt \u00f5htu temaatikaga. <\/p>\n\n\n\n<p>Hind: 30\u20ac\/in <\/p>\n\n\n\n<p><strong>Pakett 2 &#8211; <\/strong><\/p>\n\n\n\n<p><\/p>\n\n\n\n<p><\/p>\n","protected":false},"excerpt":{"rendered":"<p>Oled m\u00f5elnud, et lisaks n\u00e4rvik\u00f5dile sooviksid ka seltskonnale pakkuda l\u00f5busat j\u00e4tku\u00f5htut peoruumis, kuid ise tahaksid ka pidu nautida? Siin tuleme meie appi! Oleme kokku pannud erinevad paketid m\u00f5nusa ning sisuka \u00f5htu veetmiseks, teie ei pea tegema muud, kui vaid kohale ilmuma ning pidu nautima! Pakutavad paketid: Pakett 1 &#8211; P\u00f5genemine + peoruum + \u00f5htujuhtimine (6-20 [&hellip;]<\/p>\n","protected":false},"author":7,"featured_media":0,"parent":0,"menu_order":0,"comment_status":"closed","ping_status":"closed","template":"","meta":{"_acf_changed":false,"pgc_sgb_lightbox_settings":"","iawp_total_views":2,"footnotes":""},"class_list":["post-6749","page","type-page","status-publish","hentry"],"acf":[],"yoast_head":"<!-- This site is optimized with the Yoast SEO plugin v26.1.1 - https:\/\/yoast.com\/wordpress\/plugins\/seo\/ -->\n<title>Paketid | Pogenemistoad<\/title>\n<meta name=\"description\" content=\"Oled m\u00f5elnud, et lisaks n\u00e4rvik\u00f5dile sooviksid ka seltskonnale pakkuda l\u00f5busat j\u00e4tku\u00f5htut peoruumis, kuid ise tahaksid ka pidu nautida?\" \/>\n<meta name=\"robots\" content=\"index, follow, max-snippet:-1, max-image-preview:large, max-video-preview:-1\" \/>\n<link rel=\"canonical\" href=\"https:\/\/pogenemistoad.ee\/en\/paketid\/\" \/>\n<meta property=\"og:locale\" content=\"en_US\" \/>\n<meta property=\"og:type\" content=\"article\" \/>\n<meta property=\"og:title\" content=\"Paketid | Pogenemistoad\" \/>\n<meta property=\"og:description\" content=\"Oled m\u00f5elnud, et lisaks n\u00e4rvik\u00f5dile sooviksid ka seltskonnale pakkuda l\u00f5busat j\u00e4tku\u00f5htut peoruumis, kuid ise tahaksid ka pidu nautida?\" \/>\n<meta property=\"og:url\" content=\"https:\/\/pogenemistoad.ee\/en\/paketid\/\" \/>\n<meta property=\"og:site_name\" content=\"Pogenemistoad\" \/>\n<meta property=\"article:publisher\" content=\"https:\/\/www.facebook.com\/pogenemistoad.ee\/\" \/>\n<meta property=\"article:modified_time\" content=\"2024-06-18T06:53:22+00:00\" \/>\n<meta property=\"og:image\" content=\"https:\/\/pogenemistoad.ee\/wp-content\/uploads\/2019\/07\/ulekuulamine2.jpg\" \/>\n\t<meta property=\"og:image:width\" content=\"864\" \/>\n\t<meta property=\"og:image:height\" content=\"576\" \/>\n\t<meta property=\"og:image:type\" content=\"image\/jpeg\" \/>\n<meta name=\"twitter:card\" content=\"summary_large_image\" \/>\n<meta name=\"twitter:label1\" content=\"Est. reading time\" \/>\n\t<meta name=\"twitter:data1\" content=\"1 minute\" \/>\n<script type=\"application\/ld+json\" class=\"yoast-schema-graph\">{\"@context\":\"https:\/\/schema.org\",\"@graph\":[{\"@type\":\"WebPage\",\"@id\":\"https:\/\/pogenemistoad.ee\/en\/paketid\/\",\"url\":\"https:\/\/pogenemistoad.ee\/en\/paketid\/\",\"name\":\"Paketid | Pogenemistoad\",\"isPartOf\":{\"@id\":\"https:\/\/pogenemistoad.ee\/en\/#website\"},\"datePublished\":\"2024-05-15T07:04:59+00:00\",\"dateModified\":\"2024-06-18T06:53:22+00:00\",\"description\":\"Oled m\u00f5elnud, et lisaks n\u00e4rvik\u00f5dile sooviksid ka seltskonnale pakkuda l\u00f5busat j\u00e4tku\u00f5htut peoruumis, kuid ise tahaksid ka pidu nautida?\",\"breadcrumb\":{\"@id\":\"https:\/\/pogenemistoad.ee\/en\/paketid\/#breadcrumb\"},\"inLanguage\":\"en-US\",\"potentialAction\":[{\"@type\":\"ReadAction\",\"target\":[\"https:\/\/pogenemistoad.ee\/en\/paketid\/\"]}]},{\"@type\":\"BreadcrumbList\",\"@id\":\"https:\/\/pogenemistoad.ee\/en\/paketid\/#breadcrumb\",\"itemListElement\":[{\"@type\":\"ListItem\",\"position\":1,\"name\":\"Home\",\"item\":\"https:\/\/pogenemistoad.ee\/en\/\"},{\"@type\":\"ListItem\",\"position\":2,\"name\":\"Paketid\"}]},{\"@type\":\"WebSite\",\"@id\":\"https:\/\/pogenemistoad.ee\/en\/#website\",\"url\":\"https:\/\/pogenemistoad.ee\/en\/\",\"name\":\"Pogenemistoad\",\"description\":\"N\u00e4rvik\u00f5di. Ajutreening. Tulised emotsioonid.\",\"publisher\":{\"@id\":\"https:\/\/pogenemistoad.ee\/en\/#organization\"},\"potentialAction\":[{\"@type\":\"SearchAction\",\"target\":{\"@type\":\"EntryPoint\",\"urlTemplate\":\"https:\/\/pogenemistoad.ee\/en\/?s={search_term_string}\"},\"query-input\":{\"@type\":\"PropertyValueSpecification\",\"valueRequired\":true,\"valueName\":\"search_term_string\"}}],\"inLanguage\":\"en-US\"},{\"@type\":\"Organization\",\"@id\":\"https:\/\/pogenemistoad.ee\/en\/#organization\",\"name\":\"Pogenemistoad\",\"url\":\"https:\/\/pogenemistoad.ee\/en\/\",\"logo\":{\"@type\":\"ImageObject\",\"inLanguage\":\"en-US\",\"@id\":\"https:\/\/pogenemistoad.ee\/en\/#\/schema\/logo\/image\/\",\"url\":\"https:\/\/pogenemistoad.ee\/wp-content\/uploads\/2020\/01\/logo.png\",\"contentUrl\":\"https:\/\/pogenemistoad.ee\/wp-content\/uploads\/2020\/01\/logo.png\",\"width\":264,\"height\":109,\"caption\":\"Pogenemistoad\"},\"image\":{\"@id\":\"https:\/\/pogenemistoad.ee\/en\/#\/schema\/logo\/image\/\"},\"sameAs\":[\"https:\/\/www.facebook.com\/pogenemistoad.ee\/\"]}]}<\/script>\n<!-- \/ Yoast SEO plugin. -->","yoast_head_json":{"title":"Paketid | Pogenemistoad","description":"Oled m\u00f5elnud, et lisaks n\u00e4rvik\u00f5dile sooviksid ka seltskonnale pakkuda l\u00f5busat j\u00e4tku\u00f5htut peoruumis, kuid ise tahaksid ka pidu nautida?","robots":{"index":"index","follow":"follow","max-snippet":"max-snippet:-1","max-image-preview":"max-image-preview:large","max-video-preview":"max-video-preview:-1"},"canonical":"https:\/\/pogenemistoad.ee\/en\/paketid\/","og_locale":"en_US","og_type":"article","og_title":"Paketid | Pogenemistoad","og_description":"Oled m\u00f5elnud, et lisaks n\u00e4rvik\u00f5dile sooviksid ka seltskonnale pakkuda l\u00f5busat j\u00e4tku\u00f5htut peoruumis, kuid ise tahaksid ka pidu nautida?","og_url":"https:\/\/pogenemistoad.ee\/en\/paketid\/","og_site_name":"Pogenemistoad","article_publisher":"https:\/\/www.facebook.com\/pogenemistoad.ee\/","article_modified_time":"2024-06-18T06:53:22+00:00","og_image":[{"width":864,"height":576,"url":"https:\/\/pogenemistoad.ee\/wp-content\/uploads\/2019\/07\/ulekuulamine2.jpg","type":"image\/jpeg"}],"twitter_card":"summary_large_image","twitter_misc":{"Est. reading time":"1 minute"},"schema":{"@context":"https:\/\/schema.org","@graph":[{"@type":"WebPage","@id":"https:\/\/pogenemistoad.ee\/en\/paketid\/","url":"https:\/\/pogenemistoad.ee\/en\/paketid\/","name":"Paketid | Pogenemistoad","isPartOf":{"@id":"https:\/\/pogenemistoad.ee\/en\/#website"},"datePublished":"2024-05-15T07:04:59+00:00","dateModified":"2024-06-18T06:53:22+00:00","description":"Oled m\u00f5elnud, et lisaks n\u00e4rvik\u00f5dile sooviksid ka seltskonnale pakkuda l\u00f5busat j\u00e4tku\u00f5htut peoruumis, kuid ise tahaksid ka pidu nautida?","breadcrumb":{"@id":"https:\/\/pogenemistoad.ee\/en\/paketid\/#breadcrumb"},"inLanguage":"en-US","potentialAction":[{"@type":"ReadAction","target":["https:\/\/pogenemistoad.ee\/en\/paketid\/"]}]},{"@type":"BreadcrumbList","@id":"https:\/\/pogenemistoad.ee\/en\/paketid\/#breadcrumb","itemListElement":[{"@type":"ListItem","position":1,"name":"Home","item":"https:\/\/pogenemistoad.ee\/en\/"},{"@type":"ListItem","position":2,"name":"Paketid"}]},{"@type":"WebSite","@id":"https:\/\/pogenemistoad.ee\/en\/#website","url":"https:\/\/pogenemistoad.ee\/en\/","name":"Pogenemistoad","description":"N\u00e4rvik\u00f5di. Ajutreening. Tulised emotsioonid.","publisher":{"@id":"https:\/\/pogenemistoad.ee\/en\/#organization"},"potentialAction":[{"@type":"SearchAction","target":{"@type":"EntryPoint","urlTemplate":"https:\/\/pogenemistoad.ee\/en\/?s={search_term_string}"},"query-input":{"@type":"PropertyValueSpecification","valueRequired":true,"valueName":"search_term_string"}}],"inLanguage":"en-US"},{"@type":"Organization","@id":"https:\/\/pogenemistoad.ee\/en\/#organization","name":"Pogenemistoad","url":"https:\/\/pogenemistoad.ee\/en\/","logo":{"@type":"ImageObject","inLanguage":"en-US","@id":"https:\/\/pogenemistoad.ee\/en\/#\/schema\/logo\/image\/","url":"https:\/\/pogenemistoad.ee\/wp-content\/uploads\/2020\/01\/logo.png","contentUrl":"https:\/\/pogenemistoad.ee\/wp-content\/uploads\/2020\/01\/logo.png","width":264,"height":109,"caption":"Pogenemistoad"},"image":{"@id":"https:\/\/pogenemistoad.ee\/en\/#\/schema\/logo\/image\/"},"sameAs":["https:\/\/www.facebook.com\/pogenemistoad.ee\/"]}]}},"_links":{"self":[{"href":"https:\/\/pogenemistoad.ee\/en\/wp-json\/wp\/v2\/pages\/6749","targetHints":{"allow":["GET"]}}],"collection":[{"href":"https:\/\/pogenemistoad.ee\/en\/wp-json\/wp\/v2\/pages"}],"about":[{"href":"https:\/\/pogenemistoad.ee\/en\/wp-json\/wp\/v2\/types\/page"}],"author":[{"embeddable":true,"href":"https:\/\/pogenemistoad.ee\/en\/wp-json\/wp\/v2\/users\/7"}],"replies":[{"embeddable":true,"href":"https:\/\/pogenemistoad.ee\/en\/wp-json\/wp\/v2\/comments?post=6749"}],"version-history":[{"count":0,"href":"https:\/\/pogenemistoad.ee\/en\/wp-json\/wp\/v2\/pages\/6749\/revisions"}],"wp:attachment":[{"href":"https:\/\/pogenemistoad.ee\/en\/wp-json\/wp\/v2\/media?parent=6749"}],"curies":[{"name":"wp","href":"https:\/\/api.w.org\/{rel}","templated":true}]}}